{"id":471,"date":"2025-04-25T22:24:20","date_gmt":"2025-04-26T01:24:20","guid":{"rendered":"https:\/\/simpe.mombaca.ce.gov.br\/?page_id=471"},"modified":"2025-05-02T15:13:42","modified_gmt":"2025-05-02T18:13:42","slug":"videos-educacionais-2","status":"publish","type":"page","link":"https:\/\/simpe.mombaca.ce.gov.br\/?page_id=471","title":{"rendered":"Videos Educacionais"},"content":{"rendered":"<div class=\"wpb-content-wrapper\"><p>[vc_row css=&#8221;.vc_custom_1513347932803{padding-top: 30px !important;}&#8221;][vc_column][vc_column_text css=&#8221;&#8221;]<\/p>\n<h5 style=\"text-align: center;\">Aqui voc\u00ea encontrar\u00e1 v\u00eddeos tutoriais para auxiliar no procedimentos relacionados ao MEI.<\/h5>\n<p>[\/vc_column_text][\/vc_column][\/vc_row][vc_row][vc_column][vc_video link=&#8221;https:\/\/www.youtube.com\/watch?v=N3PwRyNL8OM&#8221; el_width=&#8221;70&#8243; align=&#8221;center&#8221; css=&#8221;&#8221; title=&#8221;Como Abrir Seu MEI&#8221;][vc_video link=&#8221;https:\/\/www.youtube.com\/watch?v=bdNCpcLzkno&#8221; el_width=&#8221;70&#8243; align=&#8221;center&#8221; css=&#8221;&#8221; title=&#8221;Como Emitir a Guia DAS-MEI&#8221;][vc_video link=&#8221;https:\/\/www.youtube.com\/watch?v=S_SVai_l8MQ&#8221; el_width=&#8221;70&#8243; align=&#8221;center&#8221; css=&#8221;&#8221; title=&#8221;Como Emitir NFe Nota Fiscal MEI &#8211; Venda de Produtos do SEBRAE (2025) Passo a Passo Simples&#8221;][vc_video link=&#8221;https:\/\/www.youtube.com\/watch?v=X39AXf83fXA&#8221; el_width=&#8221;70&#8243; align=&#8221;center&#8221; css=&#8221;&#8221; title=&#8221;Como Fazer a Declara\u00e7\u00e3o Anual do Simples Nacional (DASN) do MEI&#8221;][\/vc_column][\/vc_row][vc_row css=&#8221;.vc_custom_1513338979764{padding-bottom: 40px !important;}&#8221;][vc_column][\/vc_column][\/vc_row]<\/p>\n<\/div>","protected":false},"excerpt":{"rendered":"<p>[vc_row css=&#8221;.vc_custom_1513347932803{padding-top: 30px !important;}&#8221;][vc_column][vc_column_text css=&#8221;&#8221;] Aqui voc\u00ea encontrar\u00e1 v\u00eddeos tutoriais para auxiliar no procedimentos relacionados ao MEI. [\/vc_column_text][\/vc_column][\/vc_row][vc_row][vc_column][vc_video link=&#8221;https:\/\/www.youtube.com\/watch?v=N3PwRyNL8OM&#8221; el_width=&#8221;70&#8243; align=&#8221;center&#8221; css=&#8221;&#8221; title=&#8221;Como Abrir Seu MEI&#8221;][vc_video link=&#8221;https:\/\/www.youtube.com\/watch?v=bdNCpcLzkno&#8221; el_width=&#8221;70&#8243; align=&#8221;center&#8221; css=&#8221;&#8221; title=&#8221;Como Emitir a Guia DAS-MEI&#8221;][vc_video link=&#8221;https:\/\/www.youtube.com\/watch?v=S_SVai_l8MQ&#8221; el_width=&#8221;70&#8243; align=&#8221;center&#8221; css=&#8221;&#8221; title=&#8221;Como Emitir NFe Nota Fiscal MEI &#8211; Venda de Produtos do SEBRAE (2025) Passo a Passo&#8230;<\/p>\n","protected":false},"author":1,"featured_media":0,"parent":0,"menu_order":0,"comment_status":"closed","ping_status":"closed","template":"","meta":{"footnotes":""},"class_list":["post-471","page","type-page","status-publish","hentry"],"_links":{"self":[{"href":"https:\/\/simpe.mombaca.ce.gov.br\/index.php?rest_route=\/wp\/v2\/pages\/471","targetHints":{"allow":["GET"]}}],"collection":[{"href":"https:\/\/simpe.mombaca.ce.gov.br\/index.php?rest_route=\/wp\/v2\/pages"}],"about":[{"href":"https:\/\/simpe.mombaca.ce.gov.br\/index.php?rest_route=\/wp\/v2\/types\/page"}],"author":[{"embeddable":true,"href":"https:\/\/simpe.mombaca.ce.gov.br\/index.php?rest_route=\/wp\/v2\/users\/1"}],"replies":[{"embeddable":true,"href":"https:\/\/simpe.mombaca.ce.gov.br\/index.php?rest_route=%2Fwp%2Fv2%2Fcomments&post=471"}],"version-history":[{"count":4,"href":"https:\/\/simpe.mombaca.ce.gov.br\/index.php?rest_route=\/wp\/v2\/pages\/471\/revisions"}],"predecessor-version":[{"id":641,"href":"https:\/\/simpe.mombaca.ce.gov.br\/index.php?rest_route=\/wp\/v2\/pages\/471\/revisions\/641"}],"wp:attachment":[{"href":"https:\/\/simpe.mombaca.ce.gov.br\/index.php?rest_route=%2Fwp%2Fv2%2Fmedia&parent=471"}],"curies":[{"name":"wp","href":"https:\/\/api.w.org\/{rel}","templated":true}]}}